{"id":76,"date":"2024-11-08T10:38:52","date_gmt":"2024-11-08T09:38:52","guid":{"rendered":"\/?page_id=76"},"modified":"2026-04-18T09:55:08","modified_gmt":"2026-04-18T07:55:08","slug":"aktuelles","status":"publish","type":"page","link":"\/?page_id=76","title":{"rendered":"Aktuelles"},"content":{"rendered":"\n<h2 class=\"wp-block-heading redFont\">Neue Weine im Fr\u00fchling &#8211; Weinauslieferung<\/h2>\n\n\n<div class=\"wp-block-image\">\n<figure class=\"aligncenter size-full\"><img loading=\"lazy\" decoding=\"async\" width=\"1920\" height=\"594\" src=\"\/wp-content\/uploads\/2025\/04\/easter-1046629_1920.jpg\" alt=\"\" class=\"wp-image-338\" srcset=\"\/wp-content\/uploads\/2025\/04\/easter-1046629_1920.jpg 1920w, \/wp-content\/uploads\/2025\/04\/easter-1046629_1920-300x93.jpg 300w, \/wp-content\/uploads\/2025\/04\/easter-1046629_1920-1024x317.jpg 1024w, \/wp-content\/uploads\/2025\/04\/easter-1046629_1920-768x238.jpg 768w, \/wp-content\/uploads\/2025\/04\/easter-1046629_1920-1536x475.jpg 1536w\" sizes=\"auto, (max-width: 1920px) 100vw, 1920px\" \/><\/figure>\n<\/div>\n\n\n<p class=\"has-text-align-left\">Liebe Weinfreundinnen und Weinfreunde,<\/p>\n\n\n\n<p class=\"has-text-align-left\" id=\"isPasted\">die ersten neuen Weine sind abgef\u00fcllt und stehen f\u00fcr Sie bereit. Zwei kr\u00e4ftige Rotweine mit dunklen Beeren und Schmelz in Farbe und Geschmack. Der Portugieser Ros\u00e9 begeistert mit seiner frischen Leichtigkeit und seinem charmanten Erdbeerduft. Auch in diesem Jahr ist wieder ein spritziger Blanc de Noir mit feiner S\u00e4ure und Struktur gelungen. Freuen Sie sich auf exquisite Weine, die begeistern.<\/p>\n\n\n\n<h2 class=\"wp-block-heading has-text-align-center\" id=\"isPasted\"><strong>Unsere neuen Weine!<\/strong><\/h2>\n\n\n\n<div class=\"wp-block-group is-layout-grid wp-container-core-group-is-layout-6be84c55 wp-block-group-is-layout-grid\">\n<div class=\"wp-block-group wp-container-content-2155ee95 is-vertical is-layout-flex wp-container-core-group-is-layout-8cf370e7 wp-block-group-is-layout-flex\">\n<h4 class=\"wp-block-heading\">2025<\/h4>\n\n\n\n<h2 class=\"wp-block-heading\"><mark style=\"background-color:rgba(0, 0, 0, 0)\" class=\"has-inline-color has-theme-palette-1-color\">Portugieser Rose<\/mark><\/h2>\n\n\n\n<p>frisch und verspielt,<br>mit charmantem Erdbeerduft und animierender Leichtigkeit.<\/p>\n<\/div>\n\n\n\n<div class=\"wp-block-group wp-container-content-2155ee95 is-vertical is-layout-flex wp-container-core-group-is-layout-8cf370e7 wp-block-group-is-layout-flex\">\n<h4 class=\"wp-block-heading\">2025<\/h4>\n\n\n\n<h2 class=\"wp-block-heading\"><mark style=\"background-color:rgba(0, 0, 0, 0)\" class=\"has-inline-color has-theme-palette-1-color\">Blanc de Noir<\/mark><\/h2>\n\n\n\n<p>Eleganter Blanc de Noir. Feine S\u00e4ure, klare Struktur, frisch und mit\u00a0zartem Aromenspiel<\/p>\n<\/div>\n\n\n\n<div class=\"wp-block-group wp-container-content-2155ee95 is-vertical is-layout-flex wp-container-core-group-is-layout-8cf370e7 wp-block-group-is-layout-flex\">\n<h4 class=\"wp-block-heading\">2024<\/h4>\n\n\n\n<h2 class=\"wp-block-heading\"><mark style=\"background-color:rgba(0, 0, 0, 0)\" class=\"has-inline-color has-theme-palette-1-color\">Dornfelder Classic<\/mark><\/h2>\n\n\n\n<p>dunkle Beeren, samtiger Schmelz, intensive Farbe und voller Geschmack.<\/p>\n<\/div>\n<\/div>\n\n\n\n<div class=\"wp-block-group is-layout-grid wp-container-core-group-is-layout-6be84c55 wp-block-group-is-layout-grid\">\n<div class=\"wp-block-group wp-container-content-2155ee95 is-vertical is-layout-flex wp-container-core-group-is-layout-8cf370e7 wp-block-group-is-layout-flex\">\n<h4 class=\"wp-block-heading\">2024<\/h4>\n\n\n\n<h2 class=\"wp-block-heading\"><mark style=\"background-color:rgba(0, 0, 0, 0)\" class=\"has-inline-color has-theme-palette-1-color\">Dornfelder feinherb<\/mark><\/h2>\n\n\n\n<p>dunkelfruchtige Noten <br>milde S\u00fc\u00dfe, harmonische F\u00fclle<\/p>\n<\/div>\n\n\n\n<div class=\"wp-block-group wp-container-content-2155ee95 is-vertical is-layout-flex wp-container-core-group-is-layout-8cf370e7 wp-block-group-is-layout-flex\">\n<h4 class=\"wp-block-heading\">2025<\/h4>\n\n\n\n<h2 class=\"wp-block-heading\"><mark style=\"background-color:rgba(0, 0, 0, 0)\" class=\"has-inline-color has-theme-palette-1-color\">MommSecco<\/mark><\/h2>\n\n\n\n<p><\/p>\n<\/div>\n\n\n\n<div class=\"wp-block-group wp-container-content-2155ee95 is-vertical is-layout-flex wp-container-core-group-is-layout-8cf370e7 wp-block-group-is-layout-flex\">\n<h4 class=\"wp-block-heading\"><\/h4>\n<\/div>\n<\/div>\n\n\n\n<hr class=\"wp-block-separator has-alpha-channel-opacity\"\/>\n\n\n\n<h2 class=\"wp-block-heading has-text-align-center\" id=\"isPasted\"><strong>Weinauslieferung per PKW im April!<\/strong><\/h2>\n\n\n\n<h4 class=\"wp-block-heading has-text-align-center\"><strong>Samstag 25. und Sonntag&nbsp; 26. April 2026<\/strong><\/h4>\n\n\n\n<p>Wir liefern Ihnen Ihre Weinbestellung direkt zu Ihnen nach Hause. Suchen Sie sich Ihre Lieblingsweine auf der beiliegenden Weinpreisliste aus. Kontaktieren Sie uns gerne unter Tel.: 06138-1224 oder per <a href=\"\/?page_id=128\" data-type=\"page\" data-id=\"128\">E-Mail<\/a>. Den genauen Liefertermin sprechen wir kurz vorher telefonisch mit Ihnen ab. Die Lieferbedingungen finden Sie auf der <a href=\"\/?page_id=203\" data-type=\"page\" data-id=\"203\">Preisliste<\/a>.<\/p>\n\n\n\n<p class=\"has-text-align-left\" id=\"isPasted\">Falls die Termine bei Ihnen nicht passen liefern wir auch ganz unkompliziert per DHL.<\/p>\n\n\n\n<h3 class=\"wp-block-heading\"><strong>Ab einem Weineinkauf von 30 Flaschen erhalten Sie zu unserem Weinsortiment pro 6er Karton eine Flasche gratis dazu!<\/strong><\/h3>\n\n\n\n<p>G\u00fcltig bis 30.04.2026<\/p>\n\n\n\n<hr class=\"wp-block-separator has-alpha-channel-opacity\"\/>\n\n\n\n<div class=\"wp-block-group is-vertical is-content-justification-center is-layout-flex wp-container-core-group-is-layout-4b2eccd6 wp-block-group-is-layout-flex\">\n<h2 class=\"wp-block-heading has-text-align-center\"><strong>Unsere Angebote!<\/strong><\/h2>\n\n\n\n<p>\u00a0\u00a0 \u00a0\u00a0\u00a0\u00a0\u00a0\u00a0\u00a0\u00a0 \u00a0<\/p>\n\n\n\n<div class=\"wp-block-group is-layout-grid wp-container-core-group-is-layout-baef362d wp-block-group-is-layout-grid\">\n<div class=\"wp-block-group wp-container-content-5e2576f9 is-vertical is-content-justification-center is-layout-flex wp-container-core-group-is-layout-4b2eccd6 wp-block-group-is-layout-flex\">\n<h4 class=\"wp-block-heading\">2024<\/h4>\n\n\n\n<h2 class=\"wp-block-heading\"><mark style=\"background-color:rgba(0, 0, 0, 0)\" class=\"has-inline-color has-theme-palette-1-color\">Portugieser Ros\u00e9 <\/mark><\/h2>\n\n\n\n<p>6 Flaschen \u00e1 &nbsp;0,75 L &nbsp;<\/p>\n\n\n\n<p>(6,55 \u20ac \/ Liter)<\/p>\n\n\n\n<h2 class=\"wp-block-heading\"><strong>29,50 \u20ac*<\/strong><\/h2>\n<\/div>\n\n\n\n<div class=\"wp-block-group wp-container-content-5e2576f9 is-vertical is-content-justification-center is-layout-flex wp-container-core-group-is-layout-4b2eccd6 wp-block-group-is-layout-flex\">\n<h4 class=\"wp-block-heading\">2024<\/h4>\n\n\n\n<h2 class=\"wp-block-heading\"><mark style=\"background-color:rgba(0, 0, 0, 0)\" class=\"has-inline-color has-theme-palette-1-color\">Chardonnay feinherb<\/mark><\/h2>\n\n\n\n<p>6 Flaschen \u00e1 &nbsp;0,75 L &nbsp;<\/p>\n\n\n\n<p>(7,00 \u20ac \/ Liter)<\/p>\n\n\n\n<h2 class=\"wp-block-heading\"><strong>31,50 \u20ac*<\/strong><\/h2>\n<\/div>\n<\/div>\n\n\n\n<p>*Solange der Vorrat reicht!<br>Bei Abholung im Weingut erhalten Sie pro Flasche 0,60 \u20ac Rabatt.<\/p>\n\n\n\n<hr class=\"wp-block-separator has-alpha-channel-opacity\"\/>\n<\/div>\n\n\n\n<p>Gerne k\u00f6nnen Sie nach telefonischer Absprache auch jederzeit zu einer gem\u00fctlichen Weinprobe vorbeikommen. Wir freuen uns sehr auf Ihren Besuch und w\u00fcnschen Ihnen noch sch\u00f6ne, sonnige Fr\u00fchlingstage! Genie\u00dfen Sie die ersten Sonnenstrahlen auf Ihrer Terrasse und die ersten\u00a0Spargelgerichte des Jahres\u00a0 mit unseren neuen Weinen.<\/p>\n\n\n\n<p><em>Mit herzlichen Gr\u00fc\u00dfen<\/em><br><em>Ihre Familie Reck<\/em><\/p>\n\n\n\n<div class=\"wp-block-columns is-layout-flex wp-container-core-columns-is-layout-9d6595d7 wp-block-columns-is-layout-flex\">\n<div class=\"wp-block-column is-layout-flow wp-block-column-is-layout-flow\">\n<div class=\"wp-block-buttons alignfull is-content-justification-center is-layout-flex wp-container-core-buttons-is-layout-16018d1d wp-block-buttons-is-layout-flex\">\n<div class=\"wp-block-button\"><a class=\"wp-block-button__link has-theme-palette-2-background-color has-background wp-element-button\" href=\"\/?page_id=128\">Ihr Kontakt zu uns<\/a><\/div>\n\n\n\n<div class=\"wp-block-button\"><a class=\"wp-block-button__link has-theme-palette-2-background-color has-background wp-element-button\" href=\"\/?page_id=203&amp;utm_source=brevo&amp;utm_campaign=NL_04_2023_Belieferung&amp;utm_medium=email\">Entdecken Sie unsere Weine<\/a><\/div>\n<\/div>\n<\/div>\n<\/div>\n\n\n\n<p><\/p>\n","protected":false},"excerpt":{"rendered":"<p>Neue Weine im Fr\u00fchling &#8211; Weinauslieferung Liebe Weinfreundinnen und Weinfreunde, die ersten neuen Weine sind abgef\u00fcllt und stehen f\u00fcr Sie bereit. Zwei kr\u00e4ftige Rotweine mit dunklen Beeren und Schmelz in Farbe und Geschmack. Der Portugieser Ros\u00e9 begeistert mit seiner frischen Leichtigkeit und seinem charmanten Erdbeerduft. Auch in diesem Jahr ist wieder ein spritziger Blanc de&#8230;<\/p>\n","protected":false},"author":1,"featured_media":0,"parent":0,"menu_order":0,"comment_status":"closed","ping_status":"closed","template":"","meta":{"_kad_post_transparent":"","_kad_post_title":"","_kad_post_layout":"","_kad_post_sidebar_id":"","_kad_post_content_style":"","_kad_post_vertical_padding":"","_kad_post_feature":"","_kad_post_feature_position":"","_kad_post_header":false,"_kad_post_footer":false,"_kad_post_classname":"","footnotes":""},"class_list":["post-76","page","type-page","status-publish","hentry"],"_links":{"self":[{"href":"\/index.php?rest_route=\/wp\/v2\/pages\/76","targetHints":{"allow":["GET"]}}],"collection":[{"href":"\/index.php?rest_route=\/wp\/v2\/pages"}],"about":[{"href":"\/index.php?rest_route=\/wp\/v2\/types\/page"}],"author":[{"embeddable":true,"href":"\/index.php?rest_route=\/wp\/v2\/users\/1"}],"replies":[{"embeddable":true,"href":"\/index.php?rest_route=%2Fwp%2Fv2%2Fcomments&post=76"}],"version-history":[{"count":9,"href":"\/index.php?rest_route=\/wp\/v2\/pages\/76\/revisions"}],"predecessor-version":[{"id":628,"href":"\/index.php?rest_route=\/wp\/v2\/pages\/76\/revisions\/628"}],"wp:attachment":[{"href":"\/index.php?rest_route=%2Fwp%2Fv2%2Fmedia&parent=76"}],"curies":[{"name":"wp","href":"https:\/\/api.w.org\/{rel}","templated":true}]}}